{"id":9431,"date":"2020-07-16T09:50:10","date_gmt":"2020-07-16T09:50:10","guid":{"rendered":"http:\/\/www.sedayagiz.com\/?page_id=9431"},"modified":"2020-07-17T06:48:35","modified_gmt":"2020-07-17T06:48:35","slug":"beslenme-ve-fiziksel-aktivite","status":"publish","type":"page","link":"https:\/\/www.sedayagiz.com\/index.php\/beslenme-ve-fiziksel-aktivite\/","title":{"rendered":"Beslenme ve Fiziksel Aktivite"},"content":{"rendered":"<p><section data-kc-fullwidth=\"row\" data-kc-parallax=\"true\" class=\"kc-elm kc-css-844387 kc_row\"><div class=\"kc-row-container  kc-container\"><div class=\"kc-wrap-columns\"><div class=\"kc-elm kc-css-705482 kc_col-sm-12 kc_column kc_col-sm-12\"><div class=\"kc-col-container\"><div class=\"kc-elm kc-css-739448 kc_row kc_row_inner\"><div class=\"kc-elm kc-css-674752 kc_col-sm-12 kc_column_inner kc_col-sm-12\"><div class=\"kc_wrapper kc-col-inner-container\"><div class=\"kc-elm kc-css-767638 kc_shortcode kc_single_image\">\n\n        <img decoding=\"async\" src=\"https:\/\/www.sedayagiz.com\/wp-content\/uploads\/2019\/01\/line-wave-5.png\" class=\"\" alt=\"\" \/>    <\/div>\n<div class=\"kc-elm kc-css-682965 kc_row kc_row_inner\"><div class=\"kc-elm kc-css-469762 kc_col-sm-5 kc_column_inner kc_col-sm-5\"><div class=\"kc_wrapper kc-col-inner-container\"><div class=\"kc-elm kc-css-199939 kc_text_block\"><\/p>\n<p>\nBeslenmenin yan\u0131nda fiziksel aktiviteninde \u00f6nemi b\u00fcy\u00fckt\u00fcr. Beslenme ve fiziksel aktiviteyi birbirini tamamlayan yapboz par\u00e7alar\u0131 gibi d\u00fc\u015f\u00fcnebiliriz. Bildi\u011fimiz gibi par\u00e7alar tamamlanmad\u0131\u011f\u0131nda g\u00f6r\u00fcnt\u00fc g\u00f6rmek pek m\u00fcmk\u00fcn de\u011fildir. Bu nedenle sa\u011fl\u0131k durumunuzu g\u00f6z \u00f6n\u00fcnde bulundurularak kontroll\u00fc ve sevece\u011finiz bir spor dal\u0131 ile fiziksel aktivitenizi ilerletebilirsiniz.<br \/>\nBir \u00e7ok spor se\u00e7eneklerimiz var, kimi kick boks yaparken zevk al\u0131r, kimi fitness, kimi y\u00fczme, kimi basket, kimi tenis, kimi antigravity yoga, kim hatha yoga, kimi karete, kimi bisiklet gibi bir\u00e7ok se\u00e7ene\u011fimiz var.<br \/>\nSizler size en uygun spor dal\u0131n\u0131 se\u00e7ti\u011finiz zaman motivasyonlu devam ederek beslenmenizin yan\u0131nda sa\u011fl\u0131kl\u0131 ya\u015fam i\u00e7in fiziksel aktivitenizi artt\u0131rm\u0131\u015f ve kal\u0131c\u0131 \u00e7\u00f6z\u00fcmler i\u00e7in ilerlemi\u015f olursunuz.<\/p>\n<p>\n<\/div><div class=\"kc-elm kc-css-832996 kc_shortcode kc_single_image\">\n\n        <img decoding=\"async\" src=\"https:\/\/www.sedayagiz.com\/wp-content\/uploads\/2020\/07\/grafik-1.png\" class=\"\" alt=\"\" \/>    <\/div>\n<\/div><\/div><div class=\"kc-elm kc-css-751547 kc_col-sm-1 kc_column_inner kc_col-sm-1\"><div class=\"kc_wrapper kc-col-inner-container\"><\/div><\/div><div class=\"kc-elm kc-css-376528 kc_col-sm-5 kc_column_inner kc_col-sm-5\"><div class=\"kc_wrapper kc-col-inner-container\"><div class=\"kc-elm kc-css-423830 kc_shortcode kc_single_image\">\n\n        <img decoding=\"async\" src=\"https:\/\/www.sedayagiz.com\/wp-content\/uploads\/2020\/07\/grafik-3.png\" class=\"\" alt=\"\" \/>    <\/div>\n<div class=\"kc-elm kc-css-803966 kc_text_block\"><\/p>\n<p>\nKilo vermek isteyenler, kas kazan\u0131m\u0131 sa\u011flamak isteyenler, daha din\u00e7 ve hastal\u0131klara yakalanma riskini azaltmak ad\u0131na etkili oldu\u011funu \u00e7al\u0131\u015fmalar dahilinde g\u00f6rmekteyiz.<br \/>\nSizlere en kolay ve pratik olucak \u015fekilde haftan\u0131n 3-4 g\u00fcn\u00fc yakla\u015f\u0131k 45 dakikal\u0131k tempolu y\u00fcr\u00fcy\u00fc\u015f ile ba\u015flaman\u0131z\u0131 \u00f6neririm.<br \/>\nBununla beraber ad\u0131m say\u0131s\u0131 takibi yaparak 10 bin ad\u0131m hedefine ula\u015fmak i\u00e7in kendinize minik ad\u0131mlarla ilerlemenizi tavsiye ederim.<br \/>\nOzaman ne diyoruz, minik ad\u0131mlar \u00f6nce y\u00fcr\u00fcmeyi sonra u\u00e7may\u0131 sa\u011flar\ud83e\uddda\u200d\u2640\ufe0f<br \/>\nVazge\u00e7meyin, ertelemeyin, kendinize zaman ay\u0131r\u0131n ve hedefinize ula\u015fma yolunda fiziksel aktivitenizi mutlaka yap\u0131n.<\/p>\n<p>\n<\/div><\/div><\/div><\/div><\/div><\/div><\/div><div class=\"kc-elm kc-css-412211 kc_row kc_row_inner\"><div class=\"kc-elm kc-css-455990 kc_col-sm-12 kc_column_inner kc_col-sm-12\"><div class=\"kc_wrapper kc-col-inner-container\">\n<div class=\"kc-elm kc-css-789626 divider_line\">\n\t<div class=\"divider_inner divider_line1\">\n\t\t\t<\/div>\n<\/div>\n<\/div><\/div><\/div><div class=\"kc-elm kc-css-810298 kc_row kc_row_inner\"><div class=\"kc-elm kc-css-525046 kc_col-sm-12 kc_column_inner kc_col-sm-12\"><div class=\"kc_wrapper kc-col-inner-container\"><div class=\"kc-elm kc-css-75024 kc_shortcode kc_single_image\">\n\n        <img decoding=\"async\" src=\"https:\/\/www.sedayagiz.com\/wp-content\/uploads\/2019\/01\/line-wave-5.png\" class=\"\" alt=\"\" \/>    <\/div>\n<div class=\"kc-elm kc-css-406443 kc_row kc_row_inner\"><div class=\"kc-elm kc-css-500609 kc_col-of-5 kc_column_inner kc_col-of-5\"><div class=\"kc_wrapper kc-col-inner-container\"><\/div><\/div><div class=\"kc-elm kc-css-126860 kc_col-sm-7 kc_column_inner kc_col-sm-7\"><div class=\"kc_wrapper kc-col-inner-container\"><div class=\"kc-elm kc-css-648989 kc_text_block\"><\/p>\n<p style=\"text-align: center;\">This your life, this is your body take care of yourself<\/p>\n<p>\n<\/div><\/div><\/div><div class=\"kc-elm kc-css-660652 kc_col-of-5 kc_column_inner kc_col-of-5\"><div class=\"kc_wrapper kc-col-inner-container\"><\/div><\/div><\/div><\/div><\/div><\/div><div class=\"kc-elm kc-css-456893 kc_row kc_row_inner\"><div class=\"kc-elm kc-css-484468 kc_col-sm-4 kc_column_inner kc_col-sm-4\"><div class=\"kc_wrapper kc-col-inner-container\"><\/div><\/div><div class=\"kc-elm kc-css-330777 kc_col-sm-4 kc_column_inner kc_col-sm-4\"><div class=\"kc_wrapper kc-col-inner-container\"><div class=\"kc-elm kc-css-802839 kc_row kc_row_inner\"><div class=\"kc-elm kc-css-339067 kc_col-sm-12 kc_column_inner kc_col-sm-12\"><div class=\"kc_wrapper kc-col-inner-container\"><div class=\"kc-elm kc-css-477844 kc_shortcode kc_single_image\">\n\n        <img decoding=\"async\" src=\"https:\/\/www.sedayagiz.com\/wp-content\/uploads\/2020\/05\/profil-photo-120x120xc.jpg\" class=\"\" alt=\"\" \/>    <\/div>\n<\/div><\/div><\/div>\n<div class=\"kc-elm kc-css-685117 kc-title-wrap \">\n\n\t<h4 class=\"kc_title\">Seda Ya\u011f\u0131z<\/h4>\n<\/div>\n<div class=\"kc-elm kc-css-293835 kc_text_block\"><\/p>\n<p style=\"text-align: center;\">Diyetisyen<\/p>\n<p>\n<\/div><div class=\"kc-elm kc-css-550405 kc_text_block\"><\/p>\n<p style=\"text-align: center;\">Beslenme ya\u015fam boyu devam eden bir eylemdir, bu eylemi ger\u00e7ekle\u015ftirirken sa\u011fl\u0131kl\u0131 ve d\u00fczenli bir \u015fekilde ilerletmek ad\u0131na yolculu\u011funuzda yol arkada\u015f\u0131n\u0131z olarak sizi tan\u0131y\u0131p size y\u00f6nelik ilerleme sa\u011flay\u0131p kal\u0131c\u0131 bir mutlulu\u011fu elde etmeniz \u00fczerine beslenme ve diyet uzman\u0131 olarak buraday\u0131m.<\/p>\n<p>\n<\/div><div class=\"kc-elm kc-css-181555 kc-multi-icons-wrapper\">\n\t\t\t<a href=\"#\" target=\"_blank\" title=\"Facebook\" class=\"multi-icons-link multi-iconsfab-facebook-f\">\n\t\t\t<i class=\"fab-facebook-f\"><\/i>\n\t\t<\/a>\n\n\t\t\t<a href=\"#\" target=\"_blank\" title=\"Twitter\" class=\"multi-icons-link multi-iconsfab-twitter\">\n\t\t\t<i class=\"fab-twitter\"><\/i>\n\t\t<\/a>\n\n\t\t\t<a href=\"#\" target=\"_self\" title=\"\" class=\"multi-icons-link multi-iconsfab-google-plus-g\">\n\t\t\t<i class=\"fab-google-plus-g\"><\/i>\n\t\t<\/a>\n\n\t<\/div>\n<\/div><\/div><div class=\"kc-elm kc-css-540906 kc_col-sm-4 kc_column_inner kc_col-sm-4\"><div class=\"kc_wrapper kc-col-inner-container\"><\/div><\/div><\/div><\/div><\/div><\/div><\/div><\/section><section data-kc-fullwidth=\"content\" class=\"kc-elm kc-css-912910 kc_row\"><div class=\"kc-row-container\"><div class=\"kc-wrap-columns\"><div class=\"kc-elm kc-css-559813 kc_col-sm-3 kc_column kc_col-sm-3\"><div class=\"kc-col-container\">\n<div class=\"kc-elm kc-css-504326 kc-image-hover-effects kc-img-effects-2 default\">\n\n\t<a href=\"https:\/\/www.sedayagiz.com\/wp-content\/uploads\/2019\/03\/dummy-image-dark1-1500x1000-3.png\" rel=\"prettyPhoto\" class=\"kc-pretty-photo\"><img decoding=\"async\" src=\"https:\/\/www.sedayagiz.com\/wp-content\/uploads\/2019\/03\/dummy-image-dark1-1500x1000-3.png\" alt=\"\"\/><\/a><a href=\"https:\/\/www.sedayagiz.com\/wp-content\/uploads\/2019\/03\/dummy-image-dark1-1500x1000-3.png\" rel=\"prettyPhoto\" class=\"kc-pretty-photo\"><div class=\"overlay-effects\"><div class=\"content-title\">Healthy Meals<\/div><\/div><\/a>\n<\/div><\/div><\/div><div class=\"kc-elm kc-css-61903 kc_col-sm-3 kc_column kc_col-sm-3\"><div class=\"kc-col-container\">\n<div class=\"kc-elm kc-css-807174 kc-image-hover-effects kc-img-effects-2 default\">\n\n\t<a href=\"https:\/\/www.sedayagiz.com\/wp-content\/uploads\/2019\/03\/dummy-image-dark1-1500x1000-3.png\" rel=\"prettyPhoto\" class=\"kc-pretty-photo\"><img decoding=\"async\" src=\"https:\/\/www.sedayagiz.com\/wp-content\/uploads\/2019\/03\/dummy-image-dark1-1500x1000-3.png\" alt=\"\"\/><\/a><a href=\"https:\/\/www.sedayagiz.com\/wp-content\/uploads\/2019\/03\/dummy-image-dark1-1500x1000-3.png\" rel=\"prettyPhoto\" class=\"kc-pretty-photo\"><div class=\"overlay-effects\"><div class=\"content-title\">Breakfast<\/div><\/div><\/a>\n<\/div><\/div><\/div><div class=\"kc-elm kc-css-283647 kc_col-sm-3 kc_column kc_col-sm-3\"><div class=\"kc-col-container\">\n<div class=\"kc-elm kc-css-660418 kc-image-hover-effects kc-img-effects-2 default\">\n\n\t<a href=\"https:\/\/www.sedayagiz.com\/wp-content\/uploads\/2019\/03\/dummy-image-dark1-1500x1000-3.png\" rel=\"prettyPhoto\" class=\"kc-pretty-photo\"><img decoding=\"async\" src=\"https:\/\/www.sedayagiz.com\/wp-content\/uploads\/2019\/03\/dummy-image-dark1-1500x1000-3.png\" alt=\"\"\/><\/a><a href=\"https:\/\/www.sedayagiz.com\/wp-content\/uploads\/2019\/03\/dummy-image-dark1-1500x1000-3.png\" rel=\"prettyPhoto\" class=\"kc-pretty-photo\"><div class=\"overlay-effects\"><div class=\"content-title\">Snacks<\/div><\/div><\/a>\n<\/div><\/div><\/div><div class=\"kc-elm kc-css-943374 kc_col-sm-3 kc_column kc_col-sm-3\"><div class=\"kc-col-container\">\n<div class=\"kc-elm kc-css-635518 kc-image-hover-effects kc-img-effects-2 default\">\n\n\t<a href=\"https:\/\/www.sedayagiz.com\/wp-content\/uploads\/2019\/03\/dummy-image-dark1-1500x1000-3.png\" rel=\"prettyPhoto\" class=\"kc-pretty-photo\"><img decoding=\"async\" src=\"https:\/\/www.sedayagiz.com\/wp-content\/uploads\/2019\/03\/dummy-image-dark1-1500x1000-3.png\" alt=\"\"\/><\/a><a href=\"https:\/\/www.sedayagiz.com\/wp-content\/uploads\/2019\/03\/dummy-image-dark1-1500x1000-3.png\" rel=\"prettyPhoto\" class=\"kc-pretty-photo\"><div class=\"overlay-effects\"><div class=\"content-title\">Healthy Drinks<\/div><\/div><\/a>\n<\/div><\/div><\/div><\/div><\/div><\/section><section data-kc-fullwidth=\"row\" class=\"kc-elm kc-css-491728 kc_row\"><div class=\"kc-row-container  kc-container\"><div class=\"kc-wrap-columns\"><div class=\"kc-elm kc-css-269862 kc_col-of-5 kc_column kc_col-of-5\"><div class=\"kc-col-container\"><\/div><\/div><div class=\"kc-elm kc-css-213047 kc_col-sm-7 kc_column kc_col-sm-7\"><div class=\"kc-col-container\"><div class=\"kc-elm kc-css-709615 kc_shortcode kc_single_image\">\n\n        <img decoding=\"async\" src=\"https:\/\/www.sedayagiz.com\/wp-content\/uploads\/2019\/01\/line-wave-yellow.png\" class=\"\" alt=\"\" \/>    <\/div>\n\n<div class=\"kc-elm kc-css-110167 kc-title-wrap \">\n\n\t<h4 class=\"kc_title\">Serving Healthy Food<\/h4>\n<\/div>\n\n<div class=\"kc-elm kc-css-969634 kc-title-wrap \">\n\n\t<h2 class=\"kc_title\">Meal Planner<\/h2>\n<\/div>\n<div class=\"kc-elm kc-css-629704 kc_text_block\"><\/p>\n<p style=\"text-align: center;\">Get lots of weekly keto and low-carb meal plans, complete with shopping lists, with our premium meal planner tool.<\/p>\n<p>\n<\/div>\n<div class=\"kc-elm kc-css-481603\">\n\t<a class=\"kc_button\" href=\"https:\/\/demo.detheme.com\/ketocist-guide\/meal-plans\/\" target=\"_self\" title=\"\" onclick=\"\">\n\t\tTry Now!\t<\/a>\n<\/div>\n<\/div><\/div><div class=\"kc-elm kc-css-914838 kc_col-of-5 kc_column kc_col-of-5\"><div class=\"kc-col-container\"><\/div><\/div><\/div><\/div><\/section><\/p>\n","protected":false},"excerpt":{"rendered":"","protected":false},"author":1,"featured_media":0,"parent":0,"menu_order":0,"comment_status":"closed","ping_status":"closed","template":"","meta":{"footnotes":""},"class_list":["post-9431","page","type-page","status-publish","hentry"],"_links":{"self":[{"href":"https:\/\/www.sedayagiz.com\/index.php\/wp-json\/wp\/v2\/pages\/9431","targetHints":{"allow":["GET"]}}],"collection":[{"href":"https:\/\/www.sedayagiz.com\/index.php\/wp-json\/wp\/v2\/pages"}],"about":[{"href":"https:\/\/www.sedayagiz.com\/index.php\/wp-json\/wp\/v2\/types\/page"}],"author":[{"embeddable":true,"href":"https:\/\/www.sedayagiz.com\/index.php\/wp-json\/wp\/v2\/users\/1"}],"replies":[{"embeddable":true,"href":"https:\/\/www.sedayagiz.com\/index.php\/wp-json\/wp\/v2\/comments?post=9431"}],"version-history":[{"count":11,"href":"https:\/\/www.sedayagiz.com\/index.php\/wp-json\/wp\/v2\/pages\/9431\/revisions"}],"predecessor-version":[{"id":9469,"href":"https:\/\/www.sedayagiz.com\/index.php\/wp-json\/wp\/v2\/pages\/9431\/revisions\/9469"}],"wp:attachment":[{"href":"https:\/\/www.sedayagiz.com\/index.php\/wp-json\/wp\/v2\/media?parent=9431"}],"curies":[{"name":"wp","href":"https:\/\/api.w.org\/{rel}","templated":true}]}}