{"id":5608,"date":"2018-12-05T06:28:45","date_gmt":"2018-12-05T06:28:45","guid":{"rendered":"http:\/\/demo.vastthemes.com\/library-premium\/?page_id=5608"},"modified":"2020-08-18T10:12:43","modified_gmt":"2020-08-18T10:12:43","slug":"about","status":"publish","type":"page","link":"https:\/\/www.sedayagiz.com\/index.php\/about\/","title":{"rendered":"About Me\/ Hakk\u0131mda"},"content":{"rendered":"<p><section data-kc-fullwidth=\"row\" data-kc-parallax=\"true\" class=\"kc-elm kc-css-728323 kc_row\"><div class=\"kc-row-container  kc-container\"><div class=\"kc-wrap-columns\"><div class=\"kc-elm kc-css-744443 kc_col-sm-12 kc_column kc_col-sm-12\"><div class=\"kc-col-container\"><div class=\"kc-elm kc-css-947194 kc_row kc_row_inner\"><div class=\"kc-elm kc-css-333759 kc_col-sm-12 kc_column_inner kc_col-sm-12\"><div class=\"kc_wrapper kc-col-inner-container\"><div class=\"kc-elm kc-css-424698 kc_shortcode kc_single_image\">\n\n        <img decoding=\"async\" src=\"https:\/\/www.sedayagiz.com\/wp-content\/uploads\/2019\/01\/line-wave-5.png\" class=\"\" alt=\"\" \/>    <\/div>\n\n<div class=\"kc-elm kc-css-566766 kc-title-wrap \">\n\n\t<h4 class=\"kc_title\">Hakk\u0131mda<\/h4>\n<\/div>\n\n<div class=\"kc-elm kc-css-181156 kc-title-wrap \">\n\n\t<h2 class=\"kc_title\">Merhaba Ben Seda Ya\u011f\u0131z <\/h2>\n<\/div>\n<div class=\"kc-elm kc-css-62075 kc_row kc_row_inner\"><div class=\"kc-elm kc-css-279495 kc_col-sm-5 kc_column_inner kc_col-sm-5\"><div class=\"kc_wrapper kc-col-inner-container\"><div class=\"kc-elm kc-css-229093 kc_text_block\"><\/p>\n<p>\nLise s\u00fcrecimde ya\u015fad\u0131\u011f\u0131m kilo sorunu sebebiyle bir\u00e7ok diyet program\u0131yla a\u015fina olarak beslenme ve spor \u00fczerine ara\u015ft\u0131rmalar\u0131m ve uygulamalar\u0131m do\u011frultusunda kararl\u0131 bir \u015fekilde ilerlerken bu do\u011frultuda\u00a0 \u00a0&#039;ben diyetisyen olmal\u0131y\u0131m&#039; karar\u0131 ald\u0131m. \u00dcniversite s\u00fcrecimde mesle\u011fim ad\u0131na kazand\u0131\u011f\u0131m bilgileri ilk olarak kendimde uygulayarak m\u00fckemmel sonu\u00e7lar elde\u00a0 elde edip ideal kiloma ula\u015ft\u0131m. Bu sonu\u00e7lar beni mutlu ederek daha \u00e7ok sa\u011fl\u0131kl\u0131 beslenmeye y\u00f6neltti ve bu mutlulu\u011fu t\u00fcm insanlar\u0131nda ya\u015famas\u0131n\u0131 istiyorum. T\u00fcm insanlar\u0131n hayatlar\u0131na g\u00fczel dokunu\u015flar yapabilmek ve mutlu edebilmek beni mesle\u011fime daha \u00e7ok ba\u011fl\u0131yor.<\/p>\n<p>\n<\/div><div class=\"kc-elm kc-css-547419 kc_text_block\"><\/p>\n<p>\n4 y\u0131l s\u00fcren lisans e\u011fitimimi Gaziantep ilindeki Hasan Kalyoncu \u00dcniversitesinde tamamlad\u0131m. Okul s\u00fcrecimde kendimi mesleki olarak geli\u015ftirmek ad\u0131na zorunlu stajlar\u0131m yan\u0131s\u0131ra g\u00f6n\u00fcll\u00fc stajlar yaparak ve beraberinde farkl\u0131 \u015fehirlerde bir\u00e7ok sertifika ile kongre programlar\u0131na kat\u0131lmaya \u00f6zen g\u00f6sterdim. Bunun yan\u0131 s\u0131ra sosyal y\u00f6nden geli\u015fim sa\u011flayabilmek ad\u0131na tiyatro,nane limon,dans gibi kl\u00fcp \u00fcyeli\u011finde bulunarak etkinliklere kat\u0131l\u0131m sa\u011flamaya \u00e7al\u0131\u015ft\u0131m. Yabanc\u0131 dilimi geli\u015ftirmek ad\u0131na e\u011fitim s\u00fcrecimin 1 d\u00f6neminde Erasmus- Exchange program\u0131na hak kazanarak yurt d\u0131\u015f\u0131nda e\u011fitim alma f\u0131rsat\u0131m oldu. Bu s\u00fcre\u00e7te bir\u00e7ok \u00fclke ziyaretinde bulunarak farkl\u0131 k\u00fclt\u00fcrleri tan\u0131ma, yeme d\u00fczenini g\u00f6rme ve tatma f\u0131rsat\u0131n\u0131 yakalad\u0131m. Do\u011fru \u00f6\u011frenmenin gezerek ve okuyarak oldu\u011funu savunarak ilerleyenlerdenim.<\/p>\n<p>\n<\/div><div class=\"kc-elm kc-css-179813 kc_shortcode kc_single_image\">\n\n        <img decoding=\"async\" src=\"https:\/\/www.sedayagiz.com\/wp-content\/uploads\/2020\/07\/grafik-2.png\" class=\"\" alt=\"\" \/>    <\/div>\n<\/div><\/div><div class=\"kc-elm kc-css-535780 kc_col-sm-1 kc_column_inner kc_col-sm-1\"><div class=\"kc_wrapper kc-col-inner-container\"><\/div><\/div><div class=\"kc-elm kc-css-116510 kc_col-sm-5 kc_column_inner kc_col-sm-5\"><div class=\"kc_wrapper kc-col-inner-container\"><div class=\"kc-elm kc-css-179032 kc_shortcode kc_single_image\">\n\n        <img decoding=\"async\" src=\"https:\/\/www.sedayagiz.com\/wp-content\/uploads\/2020\/07\/hak1.jpg\" class=\"\" alt=\"\" \/>    <\/div>\n<div class=\"kc-elm kc-css-717719 kc_text_block\"><\/p>\n<p>\nBeslenmenin iyi bir \u015fekilde sa\u011flanmas\u0131 i\u00e7in\u00a0 \u00e7e\u015fitli g\u0131dalarla miktarl\u0131ca t\u00fcketiminin yan\u0131nda ruhsal beslenmenin ve sosyal y\u00f6nden beslenmenin de sa\u011flanmas\u0131 gerekti\u011fini d\u00fc\u015f\u00fcnmekteyim.<\/p>\n<p><strong>Slogan\u0131m\u0131z;<\/strong><\/p>\n<ul>\n<li>V\u00fccudun i\u00e7in beslen,<\/li>\n<li>Ruhun i\u00e7in beslen,<\/li>\n<li>SOSYALL\u0130\u011e\u0130N i\u00e7in beslen.<\/li>\n<\/ul>\n<p>Bu \u015fekilde beslenmemizin etkilendi\u011fi fakt\u00f6rleride besleyerek sa\u011fl\u0131kl\u0131 beslenme \u015feklimizi daha iyi olu\u015fturabilece\u011fimizi d\u00fc\u015f\u00fcnmekteyim.<\/p>\n<p>Beslenme d\u00fczenimizi olu\u015ftururken ilk olarak tabaklar\u0131m\u0131za sa\u011fl\u0131kl\u0131 donu\u015flar ve porsiyonlamalarla ba\u015flayabiliriz. Sa\u011fl\u0131kl\u0131, lezzetli, estetik tabaklar olu\u015fturarak 5 duyu organ\u0131m\u0131z\u0131n kullan\u0131m\u0131 ile\u00a0 yeme d\u00fczenini olu\u015fturabilirsiniz.<\/p>\n<p>Beslenme ya\u015fam boyu devam eden bir eylemdir, bu eylemi ger\u00e7ekle\u015ftirirken sa\u011fl\u0131kl\u0131 ve d\u00fczenli bir \u015fekilde ilerletmek ad\u0131na yolculu\u011funuzda yol arkada\u015f\u0131n\u0131z olarak sizi tan\u0131y\u0131p size y\u00f6nelik ilerleme sa\u011flay\u0131p kal\u0131c\u0131 bir mutlulu\u011fu elde etmeniz \u00fczerine beslenme ve diyet uzman\u0131 olarak buraday\u0131m.<\/p>\n<p>Haydi yolculu\u011fumuza ba\u015flayal\u0131m.<\/p>\n<p>\n<\/div><\/div><\/div><\/div><\/div><\/div><\/div><div class=\"kc-elm kc-css-850983 kc_row kc_row_inner\"><div class=\"kc-elm kc-css-674473 kc_col-sm-12 kc_column_inner kc_col-sm-12\"><div class=\"kc_wrapper kc-col-inner-container\">\n<div class=\"kc-elm kc-css-399936 divider_line\">\n\t<div class=\"divider_inner divider_line1\">\n\t\t\t<\/div>\n<\/div>\n<\/div><\/div><\/div><div class=\"kc-elm kc-css-430776 kc_row kc_row_inner\"><div class=\"kc-elm kc-css-960022 kc_col-sm-12 kc_column_inner kc_col-sm-12\"><div class=\"kc_wrapper kc-col-inner-container\"><div class=\"kc-elm kc-css-145812 kc_shortcode kc_single_image\">\n\n        <img decoding=\"async\" src=\"https:\/\/www.sedayagiz.com\/wp-content\/uploads\/2019\/01\/line-wave-5.png\" class=\"\" alt=\"\" \/>    <\/div>\n\n<div class=\"kc-elm kc-css-434269 kc-title-wrap \">\n\n\t<h4 class=\"kc_title\">Professional<\/h4>\n<\/div>\n\n<div class=\"kc-elm kc-css-184896 kc-title-wrap \">\n\n\t<h2 class=\"kc_title\">Uzmanlar\u0131m\u0131z<\/h2>\n<\/div>\n<div class=\"kc-elm kc-css-535204 kc_row kc_row_inner\"><div class=\"kc-elm kc-css-500913 kc_col-of-5 kc_column_inner kc_col-of-5\"><div class=\"kc_wrapper kc-col-inner-container\"><\/div><\/div><div class=\"kc-elm kc-css-571266 kc_col-sm-7 kc_column_inner kc_col-sm-7\"><div class=\"kc_wrapper kc-col-inner-container\"><div class=\"kc-elm kc-css-856900 kc_text_block\"><\/p>\n<p style=\"text-align: center;\">This your life, this is your body take care of yourself<\/p>\n<p>\n<\/div><\/div><\/div><div class=\"kc-elm kc-css-910366 kc_col-of-5 kc_column_inner kc_col-of-5\"><div class=\"kc_wrapper kc-col-inner-container\"><\/div><\/div><\/div><\/div><\/div><\/div><div class=\"kc-elm kc-css-38725 kc_row kc_row_inner\"><div class=\"kc-elm kc-css-978284 kc_col-sm-4 kc_column_inner kc_col-sm-4\"><div class=\"kc_wrapper kc-col-inner-container\"><\/div><\/div><div class=\"kc-elm kc-css-355709 kc_col-sm-4 kc_column_inner kc_col-sm-4\"><div class=\"kc_wrapper kc-col-inner-container\"><div class=\"kc-elm kc-css-201353 kc_row kc_row_inner\"><div class=\"kc-elm kc-css-803483 kc_col-sm-12 kc_column_inner kc_col-sm-12\"><div class=\"kc_wrapper kc-col-inner-container\"><div class=\"kc-elm kc-css-722359 kc_shortcode kc_single_image\">\n\n        <img decoding=\"async\" src=\"https:\/\/www.sedayagiz.com\/wp-content\/uploads\/2020\/05\/profil-photo-120x120xc.jpg\" class=\"\" alt=\"\" \/>    <\/div>\n<\/div><\/div><\/div>\n<div class=\"kc-elm kc-css-304125 kc-title-wrap \">\n\n\t<h4 class=\"kc_title\">Seda Ya\u011f\u0131z<\/h4>\n<\/div>\n<div class=\"kc-elm kc-css-63138 kc_text_block\"><\/p>\n<p style=\"text-align: center;\">Diyetisyen<\/p>\n<p>\n<\/div><div class=\"kc-elm kc-css-987244 kc_text_block\"><\/p>\n<p style=\"text-align: center;\">Beslenme ya\u015fam boyu devam eden bir eylemdir, bu eylemi ger\u00e7ekle\u015ftirirken sa\u011fl\u0131kl\u0131 ve d\u00fczenli bir \u015fekilde ilerletmek ad\u0131na yolculu\u011funuzda yol arkada\u015f\u0131n\u0131z olarak sizi tan\u0131y\u0131p size y\u00f6nelik ilerleme sa\u011flay\u0131p kal\u0131c\u0131 bir mutlulu\u011fu elde etmeniz \u00fczerine beslenme ve diyet uzman\u0131 olarak buraday\u0131m.<\/p>\n<p>\n<\/div><div class=\"kc-elm kc-css-417611 kc-multi-icons-wrapper\">\n\t\t\t<a href=\"#\" target=\"_blank\" title=\"Facebook\" class=\"multi-icons-link multi-iconsfab-facebook-f\">\n\t\t\t<i class=\"fab-facebook-f\"><\/i>\n\t\t<\/a>\n\n\t\t\t<a href=\"#\" target=\"_blank\" title=\"Twitter\" class=\"multi-icons-link multi-iconsfab-twitter\">\n\t\t\t<i class=\"fab-twitter\"><\/i>\n\t\t<\/a>\n\n\t\t\t<a href=\"#\" target=\"_self\" title=\"\" class=\"multi-icons-link multi-iconsfab-google-plus-g\">\n\t\t\t<i class=\"fab-google-plus-g\"><\/i>\n\t\t<\/a>\n\n\t<\/div>\n<\/div><\/div><div class=\"kc-elm kc-css-43274 kc_col-sm-4 kc_column_inner kc_col-sm-4\"><div class=\"kc_wrapper kc-col-inner-container\"><\/div><\/div><\/div><\/div><\/div><\/div><\/div><\/section><section data-kc-fullwidth=\"content\" class=\"kc-elm kc-css-123294 kc_row\"><div class=\"kc-row-container\"><div class=\"kc-wrap-columns\"><div class=\"kc-elm kc-css-3017 kc_col-sm-3 kc_column kc_col-sm-3\"><div class=\"kc-col-container\">\n<div class=\"kc-elm kc-css-426597 kc-image-hover-effects kc-img-effects-2 default\">\n\n\t<a href=\"https:\/\/www.sedayagiz.com\/wp-content\/uploads\/2019\/03\/dummy-image-dark1-1500x1000-3.png\" rel=\"prettyPhoto\" class=\"kc-pretty-photo\"><img decoding=\"async\" src=\"https:\/\/www.sedayagiz.com\/wp-content\/uploads\/2019\/03\/dummy-image-dark1-1500x1000-3.png\" alt=\"\"\/><\/a><a href=\"https:\/\/www.sedayagiz.com\/wp-content\/uploads\/2019\/03\/dummy-image-dark1-1500x1000-3.png\" rel=\"prettyPhoto\" class=\"kc-pretty-photo\"><div class=\"overlay-effects\"><div class=\"content-title\">Healthy Meals<\/div><\/div><\/a>\n<\/div><\/div><\/div><div class=\"kc-elm kc-css-314886 kc_col-sm-3 kc_column kc_col-sm-3\"><div class=\"kc-col-container\">\n<div class=\"kc-elm kc-css-23121 kc-image-hover-effects kc-img-effects-2 default\">\n\n\t<a href=\"https:\/\/www.sedayagiz.com\/wp-content\/uploads\/2019\/03\/dummy-image-dark1-1500x1000-3.png\" rel=\"prettyPhoto\" class=\"kc-pretty-photo\"><img decoding=\"async\" src=\"https:\/\/www.sedayagiz.com\/wp-content\/uploads\/2019\/03\/dummy-image-dark1-1500x1000-3.png\" alt=\"\"\/><\/a><a href=\"https:\/\/www.sedayagiz.com\/wp-content\/uploads\/2019\/03\/dummy-image-dark1-1500x1000-3.png\" rel=\"prettyPhoto\" class=\"kc-pretty-photo\"><div class=\"overlay-effects\"><div class=\"content-title\">Breakfast<\/div><\/div><\/a>\n<\/div><\/div><\/div><div class=\"kc-elm kc-css-636348 kc_col-sm-3 kc_column kc_col-sm-3\"><div class=\"kc-col-container\">\n<div class=\"kc-elm kc-css-780439 kc-image-hover-effects kc-img-effects-2 default\">\n\n\t<a href=\"https:\/\/www.sedayagiz.com\/wp-content\/uploads\/2019\/03\/dummy-image-dark1-1500x1000-3.png\" rel=\"prettyPhoto\" class=\"kc-pretty-photo\"><img decoding=\"async\" src=\"https:\/\/www.sedayagiz.com\/wp-content\/uploads\/2019\/03\/dummy-image-dark1-1500x1000-3.png\" alt=\"\"\/><\/a><a href=\"https:\/\/www.sedayagiz.com\/wp-content\/uploads\/2019\/03\/dummy-image-dark1-1500x1000-3.png\" rel=\"prettyPhoto\" class=\"kc-pretty-photo\"><div class=\"overlay-effects\"><div class=\"content-title\">Snacks<\/div><\/div><\/a>\n<\/div><\/div><\/div><div class=\"kc-elm kc-css-48966 kc_col-sm-3 kc_column kc_col-sm-3\"><div class=\"kc-col-container\">\n<div class=\"kc-elm kc-css-303537 kc-image-hover-effects kc-img-effects-2 default\">\n\n\t<a href=\"https:\/\/www.sedayagiz.com\/wp-content\/uploads\/2019\/03\/dummy-image-dark1-1500x1000-3.png\" rel=\"prettyPhoto\" class=\"kc-pretty-photo\"><img decoding=\"async\" src=\"https:\/\/www.sedayagiz.com\/wp-content\/uploads\/2019\/03\/dummy-image-dark1-1500x1000-3.png\" alt=\"\"\/><\/a><a href=\"https:\/\/www.sedayagiz.com\/wp-content\/uploads\/2019\/03\/dummy-image-dark1-1500x1000-3.png\" rel=\"prettyPhoto\" class=\"kc-pretty-photo\"><div class=\"overlay-effects\"><div class=\"content-title\">Healthy Drinks<\/div><\/div><\/a>\n<\/div><\/div><\/div><\/div><\/div><\/section><section data-kc-fullwidth=\"row\" class=\"kc-elm kc-css-284135 kc_row\"><div class=\"kc-row-container  kc-container\"><div class=\"kc-wrap-columns\"><div class=\"kc-elm kc-css-195853 kc_col-of-5 kc_column kc_col-of-5\"><div class=\"kc-col-container\"><\/div><\/div><div class=\"kc-elm kc-css-592096 kc_col-sm-7 kc_column kc_col-sm-7\"><div class=\"kc-col-container\"><div class=\"kc-elm kc-css-638734 kc_shortcode kc_single_image\">\n\n        <img decoding=\"async\" src=\"https:\/\/www.sedayagiz.com\/wp-content\/uploads\/2019\/01\/line-wave-yellow.png\" class=\"\" alt=\"\" \/>    <\/div>\n\n<div class=\"kc-elm kc-css-28227 kc-title-wrap \">\n\n\t<h4 class=\"kc_title\">Serving Healthy Food<\/h4>\n<\/div>\n\n<div class=\"kc-elm kc-css-270856 kc-title-wrap \">\n\n\t<h2 class=\"kc_title\">Meal Planner<\/h2>\n<\/div>\n<div class=\"kc-elm kc-css-238964 kc_text_block\"><\/p>\n<p style=\"text-align: center;\">Get lots of weekly keto and low-carb meal plans, complete with shopping lists, with our premium meal planner tool.<\/p>\n<p>\n<\/div>\n<div class=\"kc-elm kc-css-129394\">\n\t<a class=\"kc_button\" href=\"https:\/\/demo.detheme.com\/ketocist-guide\/meal-plans\/\" target=\"_self\" title=\"\" onclick=\"\">\n\t\tTry Now!\t<\/a>\n<\/div>\n<\/div><\/div><div class=\"kc-elm kc-css-306910 kc_col-of-5 kc_column kc_col-of-5\"><div class=\"kc-col-container\"><\/div><\/div><\/div><\/div><\/section><\/p>\n","protected":false},"excerpt":{"rendered":"","protected":false},"author":1,"featured_media":0,"parent":0,"menu_order":0,"comment_status":"closed","ping_status":"closed","template":"","meta":{"footnotes":""},"class_list":["post-5608","page","type-page","status-publish","hentry"],"_links":{"self":[{"href":"https:\/\/www.sedayagiz.com\/index.php\/wp-json\/wp\/v2\/pages\/5608","targetHints":{"allow":["GET"]}}],"collection":[{"href":"https:\/\/www.sedayagiz.com\/index.php\/wp-json\/wp\/v2\/pages"}],"about":[{"href":"https:\/\/www.sedayagiz.com\/index.php\/wp-json\/wp\/v2\/types\/page"}],"author":[{"embeddable":true,"href":"https:\/\/www.sedayagiz.com\/index.php\/wp-json\/wp\/v2\/users\/1"}],"replies":[{"embeddable":true,"href":"https:\/\/www.sedayagiz.com\/index.php\/wp-json\/wp\/v2\/comments?post=5608"}],"version-history":[{"count":38,"href":"https:\/\/www.sedayagiz.com\/index.php\/wp-json\/wp\/v2\/pages\/5608\/revisions"}],"predecessor-version":[{"id":9527,"href":"https:\/\/www.sedayagiz.com\/index.php\/wp-json\/wp\/v2\/pages\/5608\/revisions\/9527"}],"wp:attachment":[{"href":"https:\/\/www.sedayagiz.com\/index.php\/wp-json\/wp\/v2\/media?parent=5608"}],"curies":[{"name":"wp","href":"https:\/\/api.w.org\/{rel}","templated":true}]}}